{"id":411,"date":"2023-01-06T16:50:54","date_gmt":"2023-01-06T15:50:54","guid":{"rendered":"http:\/\/plasmaenergetic.org\/?page_id=411"},"modified":"2023-09-14T06:46:13","modified_gmt":"2023-09-14T04:46:13","slug":"tierheilung","status":"publish","type":"page","link":"https:\/\/plasmaenergetic.org\/?page_id=411","title":{"rendered":"Tierheilung"},"content":{"rendered":"\t\t<div data-elementor-type=\"wp-page\" data-elementor-id=\"411\" class=\"elementor elementor-411\" data-elementor-post-type=\"page\">\n\t\t\t\t\t\t\t\t\t<section class=\"elementor-section elementor-top-section elementor-element elementor-element-296696a elementor-section-boxed elementor-section-height-default elementor-section-height-default\" data-id=\"296696a\" data-element_type=\"section\">\n\t\t\t\t\t\t<div class=\"elementor-container elementor-column-gap-default\">\n\t\t\t\t\t<div class=\"elementor-column elementor-col-100 elementor-top-column elementor-element elementor-element-911e3d4\" data-id=\"911e3d4\" data-element_type=\"column\">\n\t\t\t<div class=\"elementor-widget-wrap elementor-element-populated\">\n\t\t\t\t\t\t\t\t<div class=\"elementor-element elementor-element-2acffcd elementor-widget elementor-widget-spacer\" data-id=\"2acffcd\" data-element_type=\"widget\" data-widget_type=\"spacer.default\">\n\t\t\t\t<div class=\"elementor-widget-container\">\n\t\t\t<style>\/*! elementor - v3.18.0 - 08-12-2023 *\/\n.elementor-column .elementor-spacer-inner{height:var(--spacer-size)}.e-con{--container-widget-width:100%}.e-con-inner>.elementor-widget-spacer,.e-con>.elementor-widget-spacer{width:var(--container-widget-width,var(--spacer-size));--align-self:var(--container-widget-align-self,initial);--flex-shrink:0}.e-con-inner>.elementor-widget-spacer>.elementor-widget-container,.e-con>.elementor-widget-spacer>.elementor-widget-container{height:100%;width:100%}.e-con-inner>.elementor-widget-spacer>.elementor-widget-container>.elementor-spacer,.e-con>.elementor-widget-spacer>.elementor-widget-container>.elementor-spacer{height:100%}.e-con-inner>.elementor-widget-spacer>.elementor-widget-container>.elementor-spacer>.elementor-spacer-inner,.e-con>.elementor-widget-spacer>.elementor-widget-container>.elementor-spacer>.elementor-spacer-inner{height:var(--container-widget-height,var(--spacer-size))}.e-con-inner>.elementor-widget-spacer.elementor-widget-empty,.e-con>.elementor-widget-spacer.elementor-widget-empty{position:relative;min-height:22px;min-width:22px}.e-con-inner>.elementor-widget-spacer.elementor-widget-empty .elementor-widget-empty-icon,.e-con>.elementor-widget-spacer.elementor-widget-empty .elementor-widget-empty-icon{position:absolute;top:0;bottom:0;left:0;right:0;margin:auto;padding:0;width:22px;height:22px}<\/style>\t\t<div class=\"elementor-spacer\">\n\t\t\t<div class=\"elementor-spacer-inner\"><\/div>\n\t\t<\/div>\n\t\t\t\t<\/div>\n\t\t\t\t<\/div>\n\t\t\t\t<div class=\"elementor-element elementor-element-8386e94 elementor-widget elementor-widget-heading\" data-id=\"8386e94\" data-element_type=\"widget\" data-widget_type=\"heading.default\">\n\t\t\t\t<div class=\"elementor-widget-container\">\n\t\t\t<style>\/*! elementor - v3.18.0 - 08-12-2023 *\/\n.elementor-heading-title{padding:0;margin:0;line-height:1}.elementor-widget-heading .elementor-heading-title[class*=elementor-size-]>a{color:inherit;font-size:inherit;line-height:inherit}.elementor-widget-heading .elementor-heading-title.elementor-size-small{font-size:15px}.elementor-widget-heading .elementor-heading-title.elementor-size-medium{font-size:19px}.elementor-widget-heading .elementor-heading-title.elementor-size-large{font-size:29px}.elementor-widget-heading .elementor-heading-title.elementor-size-xl{font-size:39px}.elementor-widget-heading .elementor-heading-title.elementor-size-xxl{font-size:59px}<\/style><h2 class=\"elementor-heading-title elementor-size-default\">Tierheilung & Tierkommunikation<\/h2>\t\t<\/div>\n\t\t\t\t<\/div>\n\t\t\t\t<div class=\"elementor-element elementor-element-8633d17 elementor-widget elementor-widget-spacer\" data-id=\"8633d17\" data-element_type=\"widget\" data-widget_type=\"spacer.default\">\n\t\t\t\t<div class=\"elementor-widget-container\">\n\t\t\t\t\t<div class=\"elementor-spacer\">\n\t\t\t<div class=\"elementor-spacer-inner\"><\/div>\n\t\t<\/div>\n\t\t\t\t<\/div>\n\t\t\t\t<\/div>\n\t\t\t\t\t<\/div>\n\t\t<\/div>\n\t\t\t\t\t\t\t<\/div>\n\t\t<\/section>\n\t\t\t\t<section class=\"elementor-section elementor-top-section elementor-element elementor-element-de6728a elementor-section-boxed elementor-section-height-default elementor-section-height-default\" data-id=\"de6728a\" data-element_type=\"section\">\n\t\t\t\t\t\t<div class=\"elementor-container elementor-column-gap-default\">\n\t\t\t\t\t<div class=\"elementor-column elementor-col-50 elementor-top-column elementor-element elementor-element-f0f01e9\" data-id=\"f0f01e9\" data-element_type=\"column\">\n\t\t\t<div class=\"elementor-widget-wrap elementor-element-populated\">\n\t\t\t\t\t\t\t\t<div class=\"elementor-element elementor-element-734bbe0 elementor-widget elementor-widget-image\" data-id=\"734bbe0\" data-element_type=\"widget\" data-widget_type=\"image.default\">\n\t\t\t\t<div class=\"elementor-widget-container\">\n\t\t\t<style>\/*! elementor - v3.18.0 - 08-12-2023 *\/\n.elementor-widget-image{text-align:center}.elementor-widget-image a{display:inline-block}.elementor-widget-image a img[src$=\".svg\"]{width:48px}.elementor-widget-image img{vertical-align:middle;display:inline-block}<\/style>\t\t\t\t\t\t\t\t\t\t\t\t<img fetchpriority=\"high\" decoding=\"async\" width=\"800\" height=\"534\" src=\"https:\/\/plasmaenergetic.org\/wp-content\/uploads\/2022\/12\/owner-stroking-the-horse-on-an-animal-farm-1024x683.jpg\" class=\"attachment-large size-large wp-image-54\" alt=\"\" srcset=\"https:\/\/plasmaenergetic.org\/wp-content\/uploads\/2022\/12\/owner-stroking-the-horse-on-an-animal-farm-1024x683.jpg 1024w, https:\/\/plasmaenergetic.org\/wp-content\/uploads\/2022\/12\/owner-stroking-the-horse-on-an-animal-farm-300x200.jpg 300w, https:\/\/plasmaenergetic.org\/wp-content\/uploads\/2022\/12\/owner-stroking-the-horse-on-an-animal-farm-768x512.jpg 768w, https:\/\/plasmaenergetic.org\/wp-content\/uploads\/2022\/12\/owner-stroking-the-horse-on-an-animal-farm-1536x1024.jpg 1536w, https:\/\/plasmaenergetic.org\/wp-content\/uploads\/2022\/12\/owner-stroking-the-horse-on-an-animal-farm-2048x1365.jpg 2048w\" sizes=\"(max-width: 800px) 100vw, 800px\" \/>\t\t\t\t\t\t\t\t\t\t\t\t\t\t\t<\/div>\n\t\t\t\t<\/div>\n\t\t\t\t<div class=\"elementor-element elementor-element-ac97b19 elementor-widget elementor-widget-text-editor\" data-id=\"ac97b19\" data-element_type=\"widget\" data-widget_type=\"text-editor.default\">\n\t\t\t\t<div class=\"elementor-widget-container\">\n\t\t\t<style>\/*! elementor - v3.18.0 - 08-12-2023 *\/\n.elementor-widget-text-editor.elementor-drop-cap-view-stacked .elementor-drop-cap{background-color:#69727d;color:#fff}.elementor-widget-text-editor.elementor-drop-cap-view-framed .elementor-drop-cap{color:#69727d;border:3px solid;background-color:transparent}.elementor-widget-text-editor:not(.elementor-drop-cap-view-default) .elementor-drop-cap{margin-top:8px}.elementor-widget-text-editor:not(.elementor-drop-cap-view-default) .elementor-drop-cap-letter{width:1em;height:1em}.elementor-widget-text-editor .elementor-drop-cap{float:left;text-align:center;line-height:1;font-size:50px}.elementor-widget-text-editor .elementor-drop-cap-letter{display:inline-block}<\/style>\t\t\t\t<p style=\"text-align: left;\"><span dir=\"ltr\" role=\"presentation\">Es ist absolut nat\u00fcrlich und wenig verwunderlich, dass zur<\/span><br role=\"presentation\" \/><span dir=\"ltr\" role=\"presentation\">Heilerin auch Anfragen von Mitmenschen wegen ihrer (kranken,<\/span><br role=\"presentation\" \/><span dir=\"ltr\" role=\"presentation\">ungezogenen, \u00e4ngstlichen, aggressiven, entlaufenen<\/span><span dir=\"ltr\" role=\"presentation\">&#8230;) Tiere<\/span><br role=\"presentation\" \/><span dir=\"ltr\" role=\"presentation\">kommen.<\/span><br role=\"presentation\" \/><span dir=\"ltr\" role=\"presentation\">Im Bereich der Tierheilung zeigt sich h\u00e4ufig, dass das (Haus)Tier<\/span><br role=\"presentation\" \/><span dir=\"ltr\" role=\"presentation\">sehr gerne bereit ist, aus lauter Liebe zum Besitzer die ungeord-<\/span><br role=\"presentation\" \/><span dir=\"ltr\" role=\"presentation\">neten \u201eDinge\u201c des Herrchens\/Frauchens zu \u00fcbernehmen.<\/span><br role=\"presentation\" \/><span dir=\"ltr\" role=\"presentation\">In meiner UR-schw\u00e4bischen Heimat gibt es eine Begrifflichkeit,<\/span><br role=\"presentation\" \/><span dir=\"ltr\" role=\"presentation\">welche dies in den Worten<\/span><br role=\"presentation\" \/><strong><span dir=\"ltr\" role=\"presentation\">\u201eWia dr Herr, so<\/span> <span dir=\"ltr\" role=\"presentation\">s\u2019Gscherr\u201c<\/span><\/strong><br role=\"presentation\" \/><span dir=\"ltr\" role=\"presentation\">meines Erachtens sehr klar und deutlich ausdr\u00fcckt.<\/span><\/p>\t\t\t\t\t\t<\/div>\n\t\t\t\t<\/div>\n\t\t\t\t<div class=\"elementor-element elementor-element-61ec5ac elementor-widget elementor-widget-image\" data-id=\"61ec5ac\" data-element_type=\"widget\" data-widget_type=\"image.default\">\n\t\t\t\t<div class=\"elementor-widget-container\">\n\t\t\t\t\t\t\t\t\t\t\t\t\t\t\t<img decoding=\"async\" src=\"https:\/\/plasmaenergetic.org\/wp-content\/uploads\/elementor\/thumbs\/20221203_160755-scaled-q2s2j9m92poq2n3yyeewosgg4h81jhpjddup4vx4zs.jpg\" title=\"20221203_160755\" alt=\"20221203_160755\" loading=\"lazy\" \/>\t\t\t\t\t\t\t\t\t\t\t\t\t\t\t<\/div>\n\t\t\t\t<\/div>\n\t\t\t\t<div class=\"elementor-element elementor-element-6bd6392 elementor-widget elementor-widget-spacer\" data-id=\"6bd6392\" data-element_type=\"widget\" data-widget_type=\"spacer.default\">\n\t\t\t\t<div class=\"elementor-widget-container\">\n\t\t\t\t\t<div class=\"elementor-spacer\">\n\t\t\t<div class=\"elementor-spacer-inner\"><\/div>\n\t\t<\/div>\n\t\t\t\t<\/div>\n\t\t\t\t<\/div>\n\t\t\t\t<div class=\"elementor-element elementor-element-e210071 elementor-widget elementor-widget-heading\" data-id=\"e210071\" data-element_type=\"widget\" data-widget_type=\"heading.default\">\n\t\t\t\t<div class=\"elementor-widget-container\">\n\t\t\t<h6 class=\"elementor-heading-title elementor-size-default\">\u201eTiere in ihrem UR beheimatet, sind von Natur aus gesund\nund heil \u2013 ist der Mensch in der Ordnung, ist es sein\nHaustier auch!\"<\/h6>\t\t<\/div>\n\t\t\t\t<\/div>\n\t\t\t\t\t<\/div>\n\t\t<\/div>\n\t\t\t\t<div class=\"elementor-column elementor-col-50 elementor-top-column elementor-element elementor-element-162e931\" data-id=\"162e931\" data-element_type=\"column\">\n\t\t\t<div class=\"elementor-widget-wrap elementor-element-populated\">\n\t\t\t\t\t\t\t\t<div class=\"elementor-element elementor-element-40a1734 elementor-widget elementor-widget-image\" data-id=\"40a1734\" data-element_type=\"widget\" data-widget_type=\"image.default\">\n\t\t\t\t<div class=\"elementor-widget-container\">\n\t\t\t\t\t\t\t\t\t\t\t\t\t\t\t<img decoding=\"async\" width=\"800\" height=\"534\" src=\"https:\/\/plasmaenergetic.org\/wp-content\/uploads\/2022\/12\/dog-jack-russell-holding-in-the-paws-a-violet-flower-1024x683.jpg\" class=\"attachment-large size-large wp-image-55\" alt=\"\" srcset=\"https:\/\/plasmaenergetic.org\/wp-content\/uploads\/2022\/12\/dog-jack-russell-holding-in-the-paws-a-violet-flower-1024x683.jpg 1024w, https:\/\/plasmaenergetic.org\/wp-content\/uploads\/2022\/12\/dog-jack-russell-holding-in-the-paws-a-violet-flower-300x200.jpg 300w, https:\/\/plasmaenergetic.org\/wp-content\/uploads\/2022\/12\/dog-jack-russell-holding-in-the-paws-a-violet-flower-768x512.jpg 768w, https:\/\/plasmaenergetic.org\/wp-content\/uploads\/2022\/12\/dog-jack-russell-holding-in-the-paws-a-violet-flower-1536x1024.jpg 1536w, https:\/\/plasmaenergetic.org\/wp-content\/uploads\/2022\/12\/dog-jack-russell-holding-in-the-paws-a-violet-flower-2048x1365.jpg 2048w\" sizes=\"(max-width: 800px) 100vw, 800px\" \/>\t\t\t\t\t\t\t\t\t\t\t\t\t\t\t<\/div>\n\t\t\t\t<\/div>\n\t\t\t\t<div class=\"elementor-element elementor-element-42e3dd0 elementor-widget elementor-widget-text-editor\" data-id=\"42e3dd0\" data-element_type=\"widget\" data-widget_type=\"text-editor.default\">\n\t\t\t\t<div class=\"elementor-widget-container\">\n\t\t\t\t\t\t\t<p style=\"text-align: left;\"><span dir=\"ltr\" role=\"presentation\">In der von mir gelebten Form der Tierheilung\/-kommunikation ist<\/span><br role=\"presentation\" \/><span dir=\"ltr\" role=\"presentation\">es unabdinglich, zuallererst das Tier zu fragen, ob es auch<\/span><br role=\"presentation\" \/><span dir=\"ltr\" role=\"presentation\">wirklich behandelt werden m\u00f6chte.<\/span><br role=\"presentation\" \/><span dir=\"ltr\" role=\"presentation\">H\u00e4ufig kommt tats\u00e4chlich zuerst einmal ein deutliches Verneinen<\/span><br role=\"presentation\" \/><span dir=\"ltr\" role=\"presentation\">aus der Tierwelt<\/span> <span dir=\"ltr\" role=\"presentation\">\u2013<\/span> <span dir=\"ltr\" role=\"presentation\">aus Sorge der Tiere um ihre Besitzer.<\/span><br role=\"presentation\" \/><span dir=\"ltr\" role=\"presentation\">Sobald gekl\u00e4rt ist, dass Herrchen oder Frauchen ab sofort die<\/span><br role=\"presentation\" \/><span dir=\"ltr\" role=\"presentation\">Verantwortung f\u00fcr sich selbst \u00fcbernehmen, erfolgt die Heilung<\/span><br role=\"presentation\" \/><span dir=\"ltr\" role=\"presentation\">(auf \u00e4hnlichem Weg wie bei Menschen) bei den Tieren oft relativ<\/span><br role=\"presentation\" \/><span dir=\"ltr\" role=\"presentation\">schnell.<\/span><\/p><p><br role=\"presentation\" \/><span dir=\"ltr\" role=\"presentation\">Falls es aus bestimmten Gr\u00fcnden bei einem Nein der Tiere bleibt,<\/span><br role=\"presentation\" \/><span dir=\"ltr\" role=\"presentation\">segne ich lediglich die Gesamtsituation und akzeptiere<\/span><br role=\"presentation\" \/><span dir=\"ltr\" role=\"presentation\">vollkommen die Haltung des Tieres und der Besitzer.<\/span><br role=\"presentation\" \/><span dir=\"ltr\" role=\"presentation\">Dies ist kein Leichtes<\/span> <span dir=\"ltr\" role=\"presentation\">\u2013<\/span> <span dir=\"ltr\" role=\"presentation\">jedoch habe ich als Heilerin auch hier die<\/span><br role=\"presentation\" \/><span dir=\"ltr\" role=\"presentation\">Pflicht, jede \u00dcbergriffigkeit zu unterlassen.<\/span><br role=\"presentation\" \/><span dir=\"ltr\" role=\"presentation\">Nat\u00fcrlich lebende Tiere ben\u00f6tigen selten Heilarbeit<\/span> <span dir=\"ltr\" role=\"presentation\">\u2013<\/span> <span dir=\"ltr\" role=\"presentation\">au\u00dfer sie<\/span><br role=\"presentation\" \/><span dir=\"ltr\" role=\"presentation\">erfahren durch Menschen verursachte Sch\u00e4den an sich.<\/span><br role=\"presentation\" \/><span dir=\"ltr\" role=\"presentation\">Ab und an geschehen Unregelm\u00e4\u00dfigkeiten in oder aus dem<\/span><br role=\"presentation\" \/><span dir=\"ltr\" role=\"presentation\">Kollektiv einer Art<\/span> <span dir=\"ltr\" role=\"presentation\">\u2013<\/span> <span dir=\"ltr\" role=\"presentation\">hier erfolgt meist eine naturgegebene<\/span><br role=\"presentation\" \/><span dir=\"ltr\" role=\"presentation\">Regulierung. Gegebenenfalls erfolgt ein \u201ecall\u201c aus dem Kollektiv<\/span><br role=\"presentation\" \/><span dir=\"ltr\" role=\"presentation\">der Tiere<\/span> <span dir=\"ltr\" role=\"presentation\">\u2013<\/span> <span dir=\"ltr\" role=\"presentation\">erst dann darf ich als Heilerin und Mensch bis zu<\/span><br role=\"presentation\" \/><span dir=\"ltr\" role=\"presentation\">einem gewissen Grad mit- und einwirken<\/span><\/p>\t\t\t\t\t\t<\/div>\n\t\t\t\t<\/div>\n\t\t\t\t<div class=\"elementor-element elementor-element-0536783 elementor-widget elementor-widget-spacer\" data-id=\"0536783\" data-element_type=\"widget\" data-widget_type=\"spacer.default\">\n\t\t\t\t<div class=\"elementor-widget-container\">\n\t\t\t\t\t<div class=\"elementor-spacer\">\n\t\t\t<div class=\"elementor-spacer-inner\"><\/div>\n\t\t<\/div>\n\t\t\t\t<\/div>\n\t\t\t\t<\/div>\n\t\t\t\t<div class=\"elementor-element elementor-element-c9482b3 elementor-widget elementor-widget-image\" data-id=\"c9482b3\" data-element_type=\"widget\" data-widget_type=\"image.default\">\n\t\t\t\t<div class=\"elementor-widget-container\">\n\t\t\t\t\t\t\t\t\t\t\t\t\t\t\t<img decoding=\"async\" width=\"800\" height=\"534\" src=\"https:\/\/plasmaenergetic.org\/wp-content\/uploads\/2023\/01\/IMG_8128-1024x683.jpg\" class=\"attachment-large size-large wp-image-542\" alt=\"\" srcset=\"https:\/\/plasmaenergetic.org\/wp-content\/uploads\/2023\/01\/IMG_8128-1024x683.jpg 1024w, https:\/\/plasmaenergetic.org\/wp-content\/uploads\/2023\/01\/IMG_8128-300x200.jpg 300w, https:\/\/plasmaenergetic.org\/wp-content\/uploads\/2023\/01\/IMG_8128-768x512.jpg 768w, https:\/\/plasmaenergetic.org\/wp-content\/uploads\/2023\/01\/IMG_8128-1536x1024.jpg 1536w, https:\/\/plasmaenergetic.org\/wp-content\/uploads\/2023\/01\/IMG_8128-2048x1365.jpg 2048w\" sizes=\"(max-width: 800px) 100vw, 800px\" \/>\t\t\t\t\t\t\t\t\t\t\t\t\t\t\t<\/div>\n\t\t\t\t<\/div>\n\t\t\t\t\t<\/div>\n\t\t<\/div>\n\t\t\t\t\t\t\t<\/div>\n\t\t<\/section>\n\t\t\t\t<section class=\"elementor-section elementor-top-section elementor-element elementor-element-1ad87c0 elementor-section-boxed elementor-section-height-default elementor-section-height-default\" data-id=\"1ad87c0\" data-element_type=\"section\">\n\t\t\t\t\t\t<div class=\"elementor-container elementor-column-gap-default\">\n\t\t\t\t\t<div class=\"elementor-column elementor-col-100 elementor-top-column elementor-element elementor-element-d17a969\" data-id=\"d17a969\" data-element_type=\"column\">\n\t\t\t<div class=\"elementor-widget-wrap elementor-element-populated\">\n\t\t\t\t\t\t\t\t<div class=\"elementor-element elementor-element-301eb83 elementor-widget elementor-widget-spacer\" data-id=\"301eb83\" data-element_type=\"widget\" data-widget_type=\"spacer.default\">\n\t\t\t\t<div class=\"elementor-widget-container\">\n\t\t\t\t\t<div class=\"elementor-spacer\">\n\t\t\t<div class=\"elementor-spacer-inner\"><\/div>\n\t\t<\/div>\n\t\t\t\t<\/div>\n\t\t\t\t<\/div>\n\t\t\t\t\t<\/div>\n\t\t<\/div>\n\t\t\t\t\t\t\t<\/div>\n\t\t<\/section>\n\t\t\t\t\t\t\t<\/div>\n\t\t","protected":false},"excerpt":{"rendered":"<p>Tierheilung &#038; Tierkommunikation Es ist absolut nat\u00fcrlich und wenig verwunderlich, dass zurHeilerin auch Anfragen von Mitmenschen wegen ihrer (kranken,ungezogenen, \u00e4ngstlichen, aggressiven, entlaufenen&#8230;) Tierekommen.Im Bereich der Tierheilung zeigt sich h\u00e4ufig, dass das (Haus)Tiersehr gerne bereit ist, aus lauter Liebe zum Besitzer die ungeord-neten \u201eDinge\u201c des Herrchens\/Frauchens zu \u00fcbernehmen.In meiner UR-schw\u00e4bischen Heimat gibt es eine Begrifflichkeit,welche dies [&hellip;]<\/p>\n","protected":false},"author":1,"featured_media":0,"parent":0,"menu_order":0,"comment_status":"closed","ping_status":"closed","template":"","meta":{"footnotes":""},"class_list":["post-411","page","type-page","status-publish","hentry"],"_links":{"self":[{"href":"https:\/\/plasmaenergetic.org\/index.php?rest_route=\/wp\/v2\/pages\/411","targetHints":{"allow":["GET"]}}],"collection":[{"href":"https:\/\/plasmaenergetic.org\/index.php?rest_route=\/wp\/v2\/pages"}],"about":[{"href":"https:\/\/plasmaenergetic.org\/index.php?rest_route=\/wp\/v2\/types\/page"}],"author":[{"embeddable":true,"href":"https:\/\/plasmaenergetic.org\/index.php?rest_route=\/wp\/v2\/users\/1"}],"replies":[{"embeddable":true,"href":"https:\/\/plasmaenergetic.org\/index.php?rest_route=%2Fwp%2Fv2%2Fcomments&post=411"}],"version-history":[{"count":10,"href":"https:\/\/plasmaenergetic.org\/index.php?rest_route=\/wp\/v2\/pages\/411\/revisions"}],"predecessor-version":[{"id":1406,"href":"https:\/\/plasmaenergetic.org\/index.php?rest_route=\/wp\/v2\/pages\/411\/revisions\/1406"}],"wp:attachment":[{"href":"https:\/\/plasmaenergetic.org\/index.php?rest_route=%2Fwp%2Fv2%2Fmedia&parent=411"}],"curies":[{"name":"wp","href":"https:\/\/api.w.org\/{rel}","templated":true}]}}